


{"id":2801,"date":"2021-03-10T21:28:55","date_gmt":"2021-03-10T20:28:55","guid":{"rendered":"https:\/\/www.studio-persevoir.com\/our-projects\/"},"modified":"2021-03-10T21:28:56","modified_gmt":"2021-03-10T20:28:56","slug":"our-projects","status":"publish","type":"page","link":"https:\/\/www.studio-persevoir.com\/en\/our-projects\/","title":{"rendered":"Our projects"},"content":{"rendered":"","protected":false},"excerpt":{"rendered":"","protected":false},"author":11,"featured_media":2352,"parent":0,"menu_order":0,"comment_status":"closed","ping_status":"closed","template":"page_projets.php","meta":{"_acf_changed":false,"inline_featured_image":false,"footnotes":""},"acf":[],"yoast_head":"<!-- This site is optimized with the Yoast SEO plugin v23.5 - https:\/\/yoast.com\/wordpress\/plugins\/seo\/ -->\n<title>Our projects - Studio Persevoir<\/title>\n<meta name=\"robots\" content=\"index, follow, max-snippet:-1, max-image-preview:large, max-video-preview:-1\" \/>\n<link rel=\"canonical\" href=\"https:\/\/www.studio-persevoir.com\/en\/our-projects\/\" \/>\n<meta property=\"og:locale\" content=\"en_US\" \/>\n<meta property=\"og:type\" content=\"article\" \/>\n<meta property=\"og:title\" content=\"Our projects - Studio Persevoir\" \/>\n<meta property=\"og:url\" content=\"https:\/\/www.studio-persevoir.com\/en\/our-projects\/\" \/>\n<meta property=\"og:site_name\" content=\"Studio Persevoir\" \/>\n<meta property=\"article:publisher\" content=\"https:\/\/www.facebook.com\/persevoir\" \/>\n<meta property=\"article:modified_time\" content=\"2021-03-10T20:28:56+00:00\" \/>\n<meta property=\"og:image\" content=\"https:\/\/www.studio-persevoir.com\/wp-content\/uploads\/2020\/11\/studio-3d-persevoir-concours-architecture-laureat-college-linandes-cergy-hall.jpg\" \/>\n\t<meta property=\"og:image:width\" content=\"1920\" \/>\n\t<meta property=\"og:image:height\" content=\"1357\" \/>\n\t<meta property=\"og:image:type\" content=\"image\/jpeg\" \/>\n<meta name=\"twitter:card\" content=\"summary_large_image\" \/>\n<meta name=\"twitter:site\" content=\"@persevoir\" \/>\n<script type=\"application\/ld+json\" class=\"yoast-schema-graph\">{\"@context\":\"https:\/\/schema.org\",\"@graph\":[{\"@type\":\"WebPage\",\"@id\":\"https:\/\/www.studio-persevoir.com\/en\/our-projects\/\",\"url\":\"https:\/\/www.studio-persevoir.com\/en\/our-projects\/\",\"name\":\"Our projects - Studio Persevoir\",\"isPartOf\":{\"@id\":\"https:\/\/www.studio-persevoir.com\/en\/#website\"},\"primaryImageOfPage\":{\"@id\":\"https:\/\/www.studio-persevoir.com\/en\/our-projects\/#primaryimage\"},\"image\":{\"@id\":\"https:\/\/www.studio-persevoir.com\/en\/our-projects\/#primaryimage\"},\"thumbnailUrl\":\"https:\/\/www.studio-persevoir.com\/wp-content\/uploads\/2020\/11\/studio-3d-persevoir-concours-architecture-laureat-college-linandes-cergy-hall.jpg\",\"datePublished\":\"2021-03-10T20:28:55+00:00\",\"dateModified\":\"2021-03-10T20:28:56+00:00\",\"breadcrumb\":{\"@id\":\"https:\/\/www.studio-persevoir.com\/en\/our-projects\/#breadcrumb\"},\"inLanguage\":\"en-US\",\"potentialAction\":[{\"@type\":\"ReadAction\",\"target\":[\"https:\/\/www.studio-persevoir.com\/en\/our-projects\/\"]}]},{\"@type\":\"ImageObject\",\"inLanguage\":\"en-US\",\"@id\":\"https:\/\/www.studio-persevoir.com\/en\/our-projects\/#primaryimage\",\"url\":\"https:\/\/www.studio-persevoir.com\/wp-content\/uploads\/2020\/11\/studio-3d-persevoir-concours-architecture-laureat-college-linandes-cergy-hall.jpg\",\"contentUrl\":\"https:\/\/www.studio-persevoir.com\/wp-content\/uploads\/2020\/11\/studio-3d-persevoir-concours-architecture-laureat-college-linandes-cergy-hall.jpg\",\"width\":1920,\"height\":1357,\"caption\":\"Concours d'architecture du coll\u00e8ge et gymnase des Linandes \u00e0 Cergy Pontoise en collaboration avec l'agence Ga\u00ebtan Le Penhuel Architectes. Concours laur\u00e9at\"},{\"@type\":\"BreadcrumbList\",\"@id\":\"https:\/\/www.studio-persevoir.com\/en\/our-projects\/#breadcrumb\",\"itemListElement\":[{\"@type\":\"ListItem\",\"position\":1,\"name\":\"Accueil\",\"item\":\"https:\/\/www.studio-persevoir.com\/en\/\"},{\"@type\":\"ListItem\",\"position\":2,\"name\":\"Our projects\"}]},{\"@type\":\"WebSite\",\"@id\":\"https:\/\/www.studio-persevoir.com\/en\/#website\",\"url\":\"https:\/\/www.studio-persevoir.com\/en\/\",\"name\":\"Studio Persevoir\",\"description\":\"L&#039;\u00e9motion par la perception - studio 3D\",\"publisher\":{\"@id\":\"https:\/\/www.studio-persevoir.com\/en\/#organization\"},\"potentialAction\":[{\"@type\":\"SearchAction\",\"target\":{\"@type\":\"EntryPoint\",\"urlTemplate\":\"https:\/\/www.studio-persevoir.com\/en\/?s={search_term_string}\"},\"query-input\":{\"@type\":\"PropertyValueSpecification\",\"valueRequired\":true,\"valueName\":\"search_term_string\"}}],\"inLanguage\":\"en-US\"},{\"@type\":\"Organization\",\"@id\":\"https:\/\/www.studio-persevoir.com\/en\/#organization\",\"name\":\"Studio Persevoir\",\"url\":\"https:\/\/www.studio-persevoir.com\/en\/\",\"logo\":{\"@type\":\"ImageObject\",\"inLanguage\":\"en-US\",\"@id\":\"https:\/\/www.studio-persevoir.com\/en\/#\/schema\/logo\/image\/\",\"url\":\"https:\/\/www.studio-persevoir.com\/wp-content\/uploads\/2023\/10\/logo_studio_persevoir.png\",\"contentUrl\":\"https:\/\/www.studio-persevoir.com\/wp-content\/uploads\/2023\/10\/logo_studio_persevoir.png\",\"width\":639,\"height\":80,\"caption\":\"Studio Persevoir\"},\"image\":{\"@id\":\"https:\/\/www.studio-persevoir.com\/en\/#\/schema\/logo\/image\/\"},\"sameAs\":[\"https:\/\/www.facebook.com\/persevoir\",\"https:\/\/x.com\/persevoir\",\"https:\/\/www.instagram.com\/persevoir\/\",\"https:\/\/www.linkedin.com\/in\/studiopersevoir\/\"]}]}<\/script>\n<!-- \/ Yoast SEO plugin. -->","yoast_head_json":{"title":"Our projects - Studio Persevoir","robots":{"index":"index","follow":"follow","max-snippet":"max-snippet:-1","max-image-preview":"max-image-preview:large","max-video-preview":"max-video-preview:-1"},"canonical":"https:\/\/www.studio-persevoir.com\/en\/our-projects\/","og_locale":"en_US","og_type":"article","og_title":"Our projects - Studio Persevoir","og_url":"https:\/\/www.studio-persevoir.com\/en\/our-projects\/","og_site_name":"Studio Persevoir","article_publisher":"https:\/\/www.facebook.com\/persevoir","article_modified_time":"2021-03-10T20:28:56+00:00","og_image":[{"width":1920,"height":1357,"url":"https:\/\/www.studio-persevoir.com\/wp-content\/uploads\/2020\/11\/studio-3d-persevoir-concours-architecture-laureat-college-linandes-cergy-hall.jpg","type":"image\/jpeg"}],"twitter_card":"summary_large_image","twitter_site":"@persevoir","schema":{"@context":"https:\/\/schema.org","@graph":[{"@type":"WebPage","@id":"https:\/\/www.studio-persevoir.com\/en\/our-projects\/","url":"https:\/\/www.studio-persevoir.com\/en\/our-projects\/","name":"Our projects - Studio Persevoir","isPartOf":{"@id":"https:\/\/www.studio-persevoir.com\/en\/#website"},"primaryImageOfPage":{"@id":"https:\/\/www.studio-persevoir.com\/en\/our-projects\/#primaryimage"},"image":{"@id":"https:\/\/www.studio-persevoir.com\/en\/our-projects\/#primaryimage"},"thumbnailUrl":"https:\/\/www.studio-persevoir.com\/wp-content\/uploads\/2020\/11\/studio-3d-persevoir-concours-architecture-laureat-college-linandes-cergy-hall.jpg","datePublished":"2021-03-10T20:28:55+00:00","dateModified":"2021-03-10T20:28:56+00:00","breadcrumb":{"@id":"https:\/\/www.studio-persevoir.com\/en\/our-projects\/#breadcrumb"},"inLanguage":"en-US","potentialAction":[{"@type":"ReadAction","target":["https:\/\/www.studio-persevoir.com\/en\/our-projects\/"]}]},{"@type":"ImageObject","inLanguage":"en-US","@id":"https:\/\/www.studio-persevoir.com\/en\/our-projects\/#primaryimage","url":"https:\/\/www.studio-persevoir.com\/wp-content\/uploads\/2020\/11\/studio-3d-persevoir-concours-architecture-laureat-college-linandes-cergy-hall.jpg","contentUrl":"https:\/\/www.studio-persevoir.com\/wp-content\/uploads\/2020\/11\/studio-3d-persevoir-concours-architecture-laureat-college-linandes-cergy-hall.jpg","width":1920,"height":1357,"caption":"Concours d'architecture du coll\u00e8ge et gymnase des Linandes \u00e0 Cergy Pontoise en collaboration avec l'agence Ga\u00ebtan Le Penhuel Architectes. Concours laur\u00e9at"},{"@type":"BreadcrumbList","@id":"https:\/\/www.studio-persevoir.com\/en\/our-projects\/#breadcrumb","itemListElement":[{"@type":"ListItem","position":1,"name":"Accueil","item":"https:\/\/www.studio-persevoir.com\/en\/"},{"@type":"ListItem","position":2,"name":"Our projects"}]},{"@type":"WebSite","@id":"https:\/\/www.studio-persevoir.com\/en\/#website","url":"https:\/\/www.studio-persevoir.com\/en\/","name":"Studio Persevoir","description":"L&#039;\u00e9motion par la perception - studio 3D","publisher":{"@id":"https:\/\/www.studio-persevoir.com\/en\/#organization"},"potentialAction":[{"@type":"SearchAction","target":{"@type":"EntryPoint","urlTemplate":"https:\/\/www.studio-persevoir.com\/en\/?s={search_term_string}"},"query-input":{"@type":"PropertyValueSpecification","valueRequired":true,"valueName":"search_term_string"}}],"inLanguage":"en-US"},{"@type":"Organization","@id":"https:\/\/www.studio-persevoir.com\/en\/#organization","name":"Studio Persevoir","url":"https:\/\/www.studio-persevoir.com\/en\/","logo":{"@type":"ImageObject","inLanguage":"en-US","@id":"https:\/\/www.studio-persevoir.com\/en\/#\/schema\/logo\/image\/","url":"https:\/\/www.studio-persevoir.com\/wp-content\/uploads\/2023\/10\/logo_studio_persevoir.png","contentUrl":"https:\/\/www.studio-persevoir.com\/wp-content\/uploads\/2023\/10\/logo_studio_persevoir.png","width":639,"height":80,"caption":"Studio Persevoir"},"image":{"@id":"https:\/\/www.studio-persevoir.com\/en\/#\/schema\/logo\/image\/"},"sameAs":["https:\/\/www.facebook.com\/persevoir","https:\/\/x.com\/persevoir","https:\/\/www.instagram.com\/persevoir\/","https:\/\/www.linkedin.com\/in\/studiopersevoir\/"]}]}},"_links":{"self":[{"href":"https:\/\/www.studio-persevoir.com\/en\/wp-json\/wp\/v2\/pages\/2801"}],"collection":[{"href":"https:\/\/www.studio-persevoir.com\/en\/wp-json\/wp\/v2\/pages"}],"about":[{"href":"https:\/\/www.studio-persevoir.com\/en\/wp-json\/wp\/v2\/types\/page"}],"author":[{"embeddable":true,"href":"https:\/\/www.studio-persevoir.com\/en\/wp-json\/wp\/v2\/users\/11"}],"replies":[{"embeddable":true,"href":"https:\/\/www.studio-persevoir.com\/en\/wp-json\/wp\/v2\/comments?post=2801"}],"version-history":[{"count":0,"href":"https:\/\/www.studio-persevoir.com\/en\/wp-json\/wp\/v2\/pages\/2801\/revisions"}],"wp:featuredmedia":[{"embeddable":true,"href":"https:\/\/www.studio-persevoir.com\/en\/wp-json\/wp\/v2\/media\/2352"}],"wp:attachment":[{"href":"https:\/\/www.studio-persevoir.com\/en\/wp-json\/wp\/v2\/media?parent=2801"}],"curies":[{"name":"wp","href":"https:\/\/api.w.org\/{rel}","templated":true}]}}